{"id":162,"date":"2023-11-06T19:12:27","date_gmt":"2023-11-07T00:12:27","guid":{"rendered":"https:\/\/www.incoturctg.com\/?page_id=162"},"modified":"2023-11-29T09:53:31","modified_gmt":"2023-11-29T14:53:31","slug":"sostenibilidad-turistica","status":"publish","type":"page","link":"https:\/\/www.incoturctg.com\/en\/sostenibilidad-turistica\/","title":{"rendered":"Sustainable Tourism"},"content":{"rendered":"<div data-elementor-type=\"wp-page\" data-elementor-id=\"162\" class=\"elementor elementor-162\">\n\t\t\t\t\t\t<section class=\"elementor-section elementor-top-section elementor-element elementor-element-4da62770 elementor-section-height-full elementor-section-boxed elementor-section-height-default elementor-section-items-middle wpr-particle-no wpr-jarallax-no wpr-parallax-no wpr-sticky-section-no wpr-equal-height-no\" data-id=\"4da62770\" data-element_type=\"section\" data-e-type=\"section\" data-settings=\"{&quot;background_background&quot;:&quot;classic&quot;}\">\n\t\t\t\t\t\t\t<div class=\"elementor-background-overlay\"><\/div>\n\t\t\t\t\t\t\t<div class=\"elementor-container elementor-column-gap-default\">\n\t\t\t\t\t<div class=\"elementor-column elementor-col-100 elementor-top-column elementor-element elementor-element-71de8f5d\" data-id=\"71de8f5d\" data-element_type=\"column\" data-e-type=\"column\">\n\t\t\t<div class=\"elementor-widget-wrap elementor-element-populated\">\n\t\t\t\t\t\t<div class=\"elementor-element elementor-element-5c728f9c elementor-widget elementor-widget-heading\" data-id=\"5c728f9c\" data-element_type=\"widget\" data-e-type=\"widget\" data-widget_type=\"heading.default\">\n\t\t\t\t<div class=\"elementor-widget-container\">\n\t\t\t\t\t<h1 class=\"elementor-heading-title elementor-size-default\">POLICY <br \/>SUSTAINABLE TOURISM\n<\/h1>\t\t\t\t<\/div>\n\t\t\t\t<\/div>\n\t\t\t\t\t<\/div>\n\t\t<\/div>\n\t\t\t\t\t<\/div>\n\t\t<\/section>\n\t\t<div class=\"elementor-element elementor-element-3605b2a e-flex e-con-boxed wpr-particle-no wpr-jarallax-no wpr-parallax-no wpr-sticky-section-no wpr-equal-height-no e-con e-parent\" data-id=\"3605b2a\" data-element_type=\"container\" data-e-type=\"container\">\n\t\t\t\t\t<div class=\"e-con-inner\">\n\t\t\t\t<div class=\"elementor-element elementor-element-c8b52b1 elementor-widget elementor-widget-text-editor\" data-id=\"c8b52b1\" data-element_type=\"widget\" data-e-type=\"widget\" data-widget_type=\"text-editor.default\">\n\t\t\t\t<div class=\"elementor-widget-container\">\n\t\t\t\t\t\t\t\t\t<div id=\"ultimate-heading-2497655452cd6ee9d\" class=\"uvc-heading ult-adjust-bottom-margin ultimate-heading-2497655452cd6ee9d uvc-7400\" data-hspacer=\"no_spacer\" data-halign=\"center\"><div class=\"uvc-sub-heading ult-responsive\" data-ultimate-target=\".uvc-heading.ultimate-heading-2497655452cd6ee9d .uvc-sub-heading \" data-responsive-json-new=\"{&quot;font-size&quot;:&quot;&quot;,&quot;line-height&quot;:&quot;&quot;}\"><p>\u201cINCOTUR SAS, tours and Travel Agency specializing in personalized attention and constant, that offers package tailor-made and our staff has a long experience in customer service. We are committed to minimize the negative impact on the environmental, socio-cultural and economic, that our activities generated in the environment of the destinations offered to our customers, as well as in the welfare and cultural integrity of communities living in them, encouraging the training of its employees, the awareness of suppliers and customers; in the prevention of the sexual exploitation of children and adolescents, conservation and protection of natural and cultural heritage. We further commit ourselves to the continuous improvement of our system of sustainability.\u201d<\/p><p>\u00a0<\/p><p><strong>PROGRAMS<\/strong><\/p><p>\u00a0<\/p><ul><li>Communicate and support to all to all stakeholders the commitment against:<\/li><li>The sexual exploitation of children and adolescents. Law 679 of 2001 and 1336 of 2009<\/li><li>Illegal traffic of fauna and flora. resolution 584, 2002 and resolution 0192 2014<\/li><li>Traffic of cultural property law 1185 of 2008<\/li><li>Efficient use of energy<\/li><li>Responsible consumption of water<\/li><li>Use of advertising material printed just what you need.<\/li><li>Promotion of the Cultural and Natural Heritage of the region and the country.<\/li><li>Support to local and regional communities<\/li><li>Trainings to our employees<\/li><li>Protection of documents of the company, brand and reputation.<\/li><li>To maintain the image of employees, customers and suppliers.<\/li><li>Strengthen the loyalty and commitment to the company<\/li><li>Foster Respect and apply the fundamental principles of human rights.<\/li><\/ul><p>\u00a0<\/p><p><strong>OBJECTIVES<\/strong><\/p><p>\u00a0<\/p><ul><li>To comply with the legal framework colombian applicable.<\/li><li>To comply with the sustainability policy and customer service<\/li><li>Disclose to our stakeholders and sustainability best practice<\/li><li>To promote the purchase of local products<\/li><li>Maintain a continuous Improvement of the System of sustainable Tourism<\/li><li>The control of activities in order not to impact and contribute to the proper use of water, energy, and proper handling of solid waste<\/li><li>Use eco-friendly paper for the production of advertising material.<\/li><li>Promote and promote the Cultural and Natural Heritage of the region and the country by different means, prioritizing digital media.<\/li><li>Promote the protection and conservation of natural and cultural heritage through raising the awareness of the tourist.<\/li><li>Train regularly to our partners for the provision of a quality service.<\/li><li>Train regularly to the employees in order to strengthen the principles of fundamental rights<\/li><\/ul><p>\u00a0<\/p><\/div><\/div>\t\t\t\t\t\t\t\t<\/div>\n\t\t\t\t<\/div>\n\t\t\t\t\t<\/div>\n\t\t\t\t<\/div>\n\t\t\t\t<\/div>","protected":false},"excerpt":{"rendered":"<p>POL\u00cdTICA DE SOSTENIBILIDAD TUR\u00cdSTICA \u201cINCOTUR SAS, Agencia de Viajes y Turismo especializada en atenci\u00f3n personalizada constante, que ofrece paquetes hechos a la medida y nuestro personal cuenta con una larga experiencia en servicio al cliente. Nos comprometemos a minimizar el impacto negativo en los aspectos ambientales, socioculturales y econ\u00f3mico, que nuestras actividades generan en el entorno de los destinos ofrecidos a nuestros clientes, as\u00ed como tambi\u00e9n en el bienestar e integridad cultural de las comunidades residentes en ellos, fomentando la capacitaci\u00f3n de sus colaboradores, la sensibilizaci\u00f3n de proveedores y clientes; en la prevenci\u00f3n de la explotaci\u00f3n sexual de ni\u00f1os, ni\u00f1as y adolescentes, conservaci\u00f3n y protecci\u00f3n del patrimonio natural y cultural. Nos comprometemos adem\u00e1s con la mejora continua de nuestro sistema de sostenibilidad.\u201d \u00a0 PROGRAMAS \u00a0 Comunicar y apoyar a todos a todos los interesados el compromiso contra: La explotaci\u00f3n sexual de ni\u00f1os, ni\u00f1as y adolescentes. Ley 679 del 2001 y 1336 del 2009 Tr\u00e1fico il\u00edcito de fauna y flora. resoluci\u00f3n 584 de 2002 y resoluci\u00f3n 0192 del 2014 Trafico de bienes culturales ley 1185 del 2008 Uso eficiente de energ\u00eda Consumo responsable del agua Uso de material publicitario impreso solo lo necesario. Promoci\u00f3n del Patrimonio Cultural y Natural de la regi\u00f3n y del pa\u00eds. Apoyo a las comunidades locales y regionales Capacitaciones a nuestros colaboradores Protecci\u00f3n de documentos de la empresa, marca y reputaci\u00f3n. Mantener la imagen de los empleados, clientes y proveedores. Fortalecer la lealtad y el compromiso a la empresa Fomentar el Respeto y aplicar los principios fundamentales de los derechos humanos. \u00a0 OBJETIVOS \u00a0 Cumplir con el marco legal colombiano aplicable. Cumplir con la pol\u00edtica de sostenibilidad y servicio al cliente Divulgar a nuestros grupos de inter\u00e9s las buenas pr\u00e1cticas de sostenibilidad Promover la compra de productos locales Mantener una Mejora continua del Sistema de Sostenibilidad Turistica Controlar actividades para no impactar y que contribuyan al uso adecuado de agua, energ\u00eda y correcto manejo de residuos s\u00f3lidos Utilizar papel ecol\u00f3gico para la producci\u00f3n del material publicitario. Promocionar y promover el Patrimonio Cultural y Natural de la regi\u00f3n y el pa\u00eds por los diferentes medios, priorizando medios digitales. Promover la protecci\u00f3n y conservaci\u00f3n del patrimonio natural y cultural a trav\u00e9s de la sensibilizaci\u00f3n al turista. Capacitar peri\u00f3dicamente a nuestros colaboradores para la prestaci\u00f3n de un servicio de calidad. Capacitar peri\u00f3dicamente\u00a0 a los empleados para fortalecer\u00a0 los principios de los derechos fundamentales \u00a0<\/p>","protected":false},"author":1,"featured_media":0,"parent":0,"menu_order":0,"comment_status":"closed","ping_status":"closed","template":"elementor_header_footer","meta":{"footnotes":""},"class_list":["post-162","page","type-page","status-publish","hentry"],"aioseo_notices":[],"_links":{"self":[{"href":"https:\/\/www.incoturctg.com\/en\/wp-json\/wp\/v2\/pages\/162","targetHints":{"allow":["GET"]}}],"collection":[{"href":"https:\/\/www.incoturctg.com\/en\/wp-json\/wp\/v2\/pages"}],"about":[{"href":"https:\/\/www.incoturctg.com\/en\/wp-json\/wp\/v2\/types\/page"}],"author":[{"embeddable":true,"href":"https:\/\/www.incoturctg.com\/en\/wp-json\/wp\/v2\/users\/1"}],"replies":[{"embeddable":true,"href":"https:\/\/www.incoturctg.com\/en\/wp-json\/wp\/v2\/comments?post=162"}],"version-history":[{"count":16,"href":"https:\/\/www.incoturctg.com\/en\/wp-json\/wp\/v2\/pages\/162\/revisions"}],"predecessor-version":[{"id":1071,"href":"https:\/\/www.incoturctg.com\/en\/wp-json\/wp\/v2\/pages\/162\/revisions\/1071"}],"wp:attachment":[{"href":"https:\/\/www.incoturctg.com\/en\/wp-json\/wp\/v2\/media?parent=162"}],"curies":[{"name":"wp","href":"https:\/\/api.w.org\/{rel}","templated":true}]}}