{"id":117,"date":"2023-11-03T08:42:15","date_gmt":"2023-11-03T13:42:15","guid":{"rendered":"https:\/\/www.incoturctg.com\/?page_id=117"},"modified":"2023-11-21T09:44:35","modified_gmt":"2023-11-21T14:44:35","slug":"incotur","status":"publish","type":"page","link":"https:\/\/www.incoturctg.com\/en\/incotur\/","title":{"rendered":"Incotur"},"content":{"rendered":"<div data-elementor-type=\"wp-page\" data-elementor-id=\"117\" class=\"elementor elementor-117\">\n\t\t\t\t\t\t<section class=\"elementor-section elementor-top-section elementor-element elementor-element-77e69808 elementor-section-height-min-height elementor-section-items-stretch elementor-section-boxed elementor-section-height-default wpr-particle-no wpr-jarallax-no wpr-parallax-no wpr-sticky-section-no wpr-equal-height-no\" data-id=\"77e69808\" data-element_type=\"section\" data-e-type=\"section\" data-settings=\"{&quot;background_background&quot;:&quot;classic&quot;}\">\n\t\t\t\t\t\t\t<div class=\"elementor-background-overlay\"><\/div>\n\t\t\t\t\t\t\t<div class=\"elementor-container elementor-column-gap-default\">\n\t\t\t\t\t<div class=\"elementor-column elementor-col-100 elementor-top-column elementor-element elementor-element-583122b6\" data-id=\"583122b6\" data-element_type=\"column\" data-e-type=\"column\">\n\t\t\t<div class=\"elementor-widget-wrap elementor-element-populated\">\n\t\t\t\t\t\t<div class=\"elementor-element elementor-element-7d92419 elementor-widget elementor-widget-image\" data-id=\"7d92419\" data-element_type=\"widget\" data-e-type=\"widget\" data-widget_type=\"image.default\">\n\t\t\t\t<div class=\"elementor-widget-container\">\n\t\t\t\t\t\t\t\t\t\t\t\t\t\t\t<img fetchpriority=\"high\" decoding=\"async\" width=\"1120\" height=\"184\" src=\"https:\/\/www.incoturctg.com\/wp-content\/uploads\/2023\/10\/incotur-dmc-logo-transparent.png\" class=\"attachment-full size-full wp-image-86\" alt=\"incotur-dmc-logo-transparent\" srcset=\"https:\/\/www.incoturctg.com\/wp-content\/uploads\/2023\/10\/incotur-dmc-logo-transparent.png 1120w, https:\/\/www.incoturctg.com\/wp-content\/uploads\/2023\/10\/incotur-dmc-logo-transparent-300x49.png 300w, https:\/\/www.incoturctg.com\/wp-content\/uploads\/2023\/10\/incotur-dmc-logo-transparent-1024x168.png 1024w, https:\/\/www.incoturctg.com\/wp-content\/uploads\/2023\/10\/incotur-dmc-logo-transparent-768x126.png 768w, https:\/\/www.incoturctg.com\/wp-content\/uploads\/2023\/10\/incotur-dmc-logo-transparent-18x3.png 18w\" sizes=\"100vw\" \/>\t\t\t\t\t\t\t\t\t\t\t\t\t\t\t<\/div>\n\t\t\t\t<\/div>\n\t\t\t\t<div class=\"elementor-element elementor-element-992fb00 elementor-widget elementor-widget-text-editor\" data-id=\"992fb00\" data-element_type=\"widget\" data-e-type=\"widget\" data-widget_type=\"text-editor.default\">\n\t\t\t\t<div class=\"elementor-widget-container\">\n\t\t\t\t\t\t\t\t\t<p>\u00a1Descubre la maravillosa diversidad de Colombia! Desde las exuberantes selvas del Amazonas hasta las coloridas maravillas de Ca\u00f1o Cristales, pasando por la vibrante energ\u00eda de las ciudades como Bogot\u00e1 y Medell\u00edn, Colombia tiene algo para todos los gustos. Si eres amante del caf\u00e9, el Eje Cafetero te espera con sus fincas cafeteras y paisajes pintorescos. Las playas de arena blanca en Santa Marta, el calor y la salsa de Cali, la historia y la arquitectura de Cartagena, la serenidad de San Andr\u00e9s, la naturaleza virgen de Nuqu\u00ed y Bah\u00eda Solano&#8230; Colombia te ofrece una experiencia \u00fanica en cada rinc\u00f3n.<\/p>\t\t\t\t\t\t\t\t<\/div>\n\t\t\t\t<\/div>\n\t\t\t\t<div class=\"elementor-element elementor-element-100ec8e9 elementor-widget elementor-widget-heading\" data-id=\"100ec8e9\" data-element_type=\"widget\" data-e-type=\"widget\" data-widget_type=\"heading.default\">\n\t\t\t\t<div class=\"elementor-widget-container\">\n\t\t\t\t\t<h3 class=\"elementor-heading-title elementor-size-default\">Ll\u00e1manos\n 3157316151, +57605 6657023<\/h3>\t\t\t\t<\/div>\n\t\t\t\t<\/div>\n\t\t\t\t<div class=\"elementor-element elementor-element-6edacc9 elementor-widget elementor-widget-image\" data-id=\"6edacc9\" data-element_type=\"widget\" data-e-type=\"widget\" data-widget_type=\"image.default\">\n\t\t\t\t<div class=\"elementor-widget-container\">\n\t\t\t\t\t\t\t\t\t\t\t\t\t\t\t\t<a href=\"https:\/\/api.whatsapp.com\/send?phone=573215489116&#038;text=\">\n\t\t\t\t\t\t\t<img decoding=\"async\" width=\"48\" height=\"48\" src=\"https:\/\/www.incoturctg.com\/wp-content\/uploads\/2023\/11\/icons8-whatsapp-48.png\" class=\"attachment-large size-large wp-image-127\" alt=\"icons8-whatsapp-48\" srcset=\"https:\/\/www.incoturctg.com\/wp-content\/uploads\/2023\/11\/icons8-whatsapp-48.png 48w, https:\/\/www.incoturctg.com\/wp-content\/uploads\/2023\/11\/icons8-whatsapp-48-12x12.png 12w\" sizes=\"100vw\" \/>\t\t\t\t\t\t\t\t<\/a>\n\t\t\t\t\t\t\t\t\t\t\t\t\t\t\t<\/div>\n\t\t\t\t<\/div>\n\t\t\t\t<div class=\"elementor-element elementor-element-38c710c elementor-widget elementor-widget-text-editor\" data-id=\"38c710c\" data-element_type=\"widget\" data-e-type=\"widget\" data-widget_type=\"text-editor.default\">\n\t\t\t\t<div class=\"elementor-widget-container\">\n\t\t\t\t\t\t\t\t\t\u00a9 Incotur S.A.S, Todos los derechos reservados Registro Nacional de Turismo # 20732, 20733\t\t\t\t\t\t\t\t<\/div>\n\t\t\t\t<\/div>\n\t\t\t\t\t<\/div>\n\t\t<\/div>\n\t\t\t\t\t<\/div>\n\t\t<\/section>\n\t\t\t\t<\/div>","protected":false},"excerpt":{"rendered":"<p>\u00a1Descubre la maravillosa diversidad de Colombia! Desde las exuberantes selvas del Amazonas hasta las coloridas maravillas de Ca\u00f1o Cristales, pasando por la vibrante energ\u00eda de las ciudades como Bogot\u00e1 y Medell\u00edn, Colombia tiene algo para todos los gustos. Si eres amante del caf\u00e9, el Eje Cafetero te espera con sus fincas cafeteras y paisajes pintorescos. Las playas de arena blanca en Santa Marta, el calor y la salsa de Cali, la historia y la arquitectura de Cartagena, la serenidad de San Andr\u00e9s, la naturaleza virgen de Nuqu\u00ed y Bah\u00eda Solano&#8230; Colombia te ofrece una experiencia \u00fanica en cada rinc\u00f3n. Ll\u00e1manos 3157316151, +57605 6657023 \u00a9 Incotur S.A.S, Todos los derechos reservados Registro Nacional de Turismo # 20732, 20733<\/p>","protected":false},"author":1,"featured_media":0,"parent":0,"menu_order":0,"comment_status":"closed","ping_status":"closed","template":"elementor_canvas","meta":{"footnotes":""},"class_list":["post-117","page","type-page","status-publish","hentry"],"aioseo_notices":[],"_links":{"self":[{"href":"https:\/\/www.incoturctg.com\/en\/wp-json\/wp\/v2\/pages\/117","targetHints":{"allow":["GET"]}}],"collection":[{"href":"https:\/\/www.incoturctg.com\/en\/wp-json\/wp\/v2\/pages"}],"about":[{"href":"https:\/\/www.incoturctg.com\/en\/wp-json\/wp\/v2\/types\/page"}],"author":[{"embeddable":true,"href":"https:\/\/www.incoturctg.com\/en\/wp-json\/wp\/v2\/users\/1"}],"replies":[{"embeddable":true,"href":"https:\/\/www.incoturctg.com\/en\/wp-json\/wp\/v2\/comments?post=117"}],"version-history":[{"count":35,"href":"https:\/\/www.incoturctg.com\/en\/wp-json\/wp\/v2\/pages\/117\/revisions"}],"predecessor-version":[{"id":702,"href":"https:\/\/www.incoturctg.com\/en\/wp-json\/wp\/v2\/pages\/117\/revisions\/702"}],"wp:attachment":[{"href":"https:\/\/www.incoturctg.com\/en\/wp-json\/wp\/v2\/media?parent=117"}],"curies":[{"name":"wp","href":"https:\/\/api.w.org\/{rel}","templated":true}]}}